{"id":11,"date":"2015-02-10T19:21:34","date_gmt":"2015-02-10T19:21:34","guid":{"rendered":"http:\/\/theme-fusion.com\/avada_demos\/architecture\/?page_id=11"},"modified":"2025-05-30T11:56:38","modified_gmt":"2025-05-30T11:56:38","slug":"services","status":"publish","type":"page","link":"https:\/\/ncdesignimpuls.ch\/en\/services\/","title":{"rendered":"Services"},"content":{"rendered":"<div data-elementor-type=\"wp-page\" data-elementor-id=\"11\" class=\"elementor elementor-11\" data-elementor-settings=\"[]\">\n\t\t\t\t\t\t<div class=\"elementor-inner\">\n\t\t\t\t\t\t\t<div class=\"elementor-section-wrap\">\n\t\t\t\t\t\t\t<section class=\"elementor-section elementor-top-section elementor-element elementor-element-b5704d9 elementor-section-boxed elementor-section-height-default elementor-section-height-default\" data-id=\"b5704d9\" data-element_type=\"section\">\n\t\t\t\t\t\t<div class=\"elementor-container elementor-column-gap-default\">\n\t\t\t\t\t\t\t<div class=\"elementor-row\">\n\t\t\t\t\t<div class=\"elementor-column elementor-col-50 elementor-top-column elementor-element elementor-element-e95db5d\" data-id=\"e95db5d\" data-element_type=\"column\">\n\t\t\t<div class=\"elementor-column-wrap elementor-element-populated\">\n\t\t\t\t\t\t\t<div class=\"elementor-widget-wrap\">\n\t\t\t\t\t\t<div class=\"elementor-element elementor-element-b5646f5 elementor-widget elementor-widget-heading\" data-id=\"b5646f5\" data-element_type=\"widget\" data-widget_type=\"heading.default\">\n\t\t\t\t<div class=\"elementor-widget-container\">\n\t\t\t<h2 class=\"elementor-heading-title elementor-size-default\">Acquaintance<\/h2>\t\t<\/div>\n\t\t\t\t<\/div>\n\t\t\t\t<div class=\"elementor-element elementor-element-42ea880 elementor-widget-divider--view-line elementor-widget elementor-widget-divider\" data-id=\"42ea880\" data-element_type=\"widget\" data-widget_type=\"divider.default\">\n\t\t\t\t<div class=\"elementor-widget-container\">\n\t\t\t\t\t<div class=\"elementor-divider\">\n\t\t\t<span class=\"elementor-divider-separator\">\n\t\t\t\t\t\t<\/span>\n\t\t<\/div>\n\t\t\t\t<\/div>\n\t\t\t\t<\/div>\n\t\t\t\t<div class=\"elementor-element elementor-element-b9bb1ad elementor-widget elementor-widget-text-editor\" data-id=\"b9bb1ad\" data-element_type=\"widget\" data-widget_type=\"text-editor.default\">\n\t\t\t\t<div class=\"elementor-widget-container\">\n\t\t\t\t\t\t\t\t<div class=\"elementor-text-editor elementor-clearfix\">\n\t\t\t\t<p>We are interested in you and your dreams.<\/p><p>Our first meeting is an introduction. After listening to your ideas and wishes, I outline the structure of our potential collaboration and describe the key steps needed to bring your vision to life.\nThe initial consultation is free of charge.<\/p>\t\t\t\t\t<\/div>\n\t\t\t\t\t\t<\/div>\n\t\t\t\t<\/div>\n\t\t\t\t<div class=\"elementor-element elementor-element-c56fdbc elementor-widget elementor-widget-button\" data-id=\"c56fdbc\" data-element_type=\"widget\" data-widget_type=\"button.default\">\n\t\t\t\t<div class=\"elementor-widget-container\">\n\t\t\t\t\t<div class=\"elementor-button-wrapper\">\n\t\t\t<a href=\"https:\/\/ncdesignimpuls.ch\/en\/contact\/\" class=\"elementor-button-link elementor-button elementor-size-sm\" role=\"button\">\n\t\t\t\t\t\t<span class=\"elementor-button-content-wrapper\">\n\t\t\t\t\t\t<span class=\"elementor-button-text\">Advice<\/span>\n\t\t<\/span>\n\t\t\t\t\t<\/a>\n\t\t<\/div>\n\t\t\t\t<\/div>\n\t\t\t\t<\/div>\n\t\t\t\t\t\t<\/div>\n\t\t\t\t\t<\/div>\n\t\t<\/div>\n\t\t\t\t<div class=\"elementor-column elementor-col-50 elementor-top-column elementor-element elementor-element-79e0d42\" data-id=\"79e0d42\" data-element_type=\"column\">\n\t\t\t<div class=\"elementor-column-wrap elementor-element-populated\">\n\t\t\t\t\t\t\t<div class=\"elementor-widget-wrap\">\n\t\t\t\t\t\t<div class=\"elementor-element elementor-element-1448fbf elementor-widget elementor-widget-image\" data-id=\"1448fbf\" data-element_type=\"widget\" data-widget_type=\"image.default\">\n\t\t\t\t<div class=\"elementor-widget-container\">\n\t\t\t\t\t\t\t\t<div class=\"elementor-image\">\n\t\t\t\t\t\t\t\t\t\t\t\t<img width=\"800\" height=\"606\" src=\"https:\/\/ncdesignimpuls.ch\/wp-content\/uploads\/2024\/12\/2024-12-03-09.00.28.jpg\" class=\"attachment-large size-large\" alt=\"\" loading=\"lazy\" srcset=\"https:\/\/ncdesignimpuls.ch\/wp-content\/uploads\/2024\/12\/2024-12-03-09.00.28.jpg 1280w, https:\/\/ncdesignimpuls.ch\/wp-content\/uploads\/2024\/12\/2024-12-03-09.00.28-450x341.jpg 450w, https:\/\/ncdesignimpuls.ch\/wp-content\/uploads\/2024\/12\/2024-12-03-09.00.28-768x582.jpg 768w, https:\/\/ncdesignimpuls.ch\/wp-content\/uploads\/2024\/12\/2024-12-03-09.00.28-16x12.jpg 16w\" sizes=\"(max-width: 800px) 100vw, 800px\" \/>\t\t\t\t\t\t\t\t\t\t\t\t\t\t<\/div>\n\t\t\t\t\t\t<\/div>\n\t\t\t\t<\/div>\n\t\t\t\t\t\t<\/div>\n\t\t\t\t\t<\/div>\n\t\t<\/div>\n\t\t\t\t\t\t\t\t<\/div>\n\t\t\t\t\t<\/div>\n\t\t<\/section>\n\t\t\t\t<section class=\"elementor-section elementor-top-section elementor-element elementor-element-066fe02 elementor-section-boxed elementor-section-height-default elementor-section-height-default\" data-id=\"066fe02\" data-element_type=\"section\">\n\t\t\t\t\t\t<div class=\"elementor-container elementor-column-gap-default\">\n\t\t\t\t\t\t\t<div class=\"elementor-row\">\n\t\t\t\t\t<div class=\"elementor-column elementor-col-50 elementor-top-column elementor-element elementor-element-858bce1\" data-id=\"858bce1\" data-element_type=\"column\">\n\t\t\t<div class=\"elementor-column-wrap elementor-element-populated\">\n\t\t\t\t\t\t\t<div class=\"elementor-widget-wrap\">\n\t\t\t\t\t\t<div class=\"elementor-element elementor-element-ed5639c elementor-widget elementor-widget-image\" data-id=\"ed5639c\" data-element_type=\"widget\" data-widget_type=\"image.default\">\n\t\t\t\t<div class=\"elementor-widget-container\">\n\t\t\t\t\t\t\t\t<div class=\"elementor-image\">\n\t\t\t\t\t\t\t\t\t\t\t\t<img width=\"800\" height=\"600\" src=\"https:\/\/ncdesignimpuls.ch\/wp-content\/uploads\/2015\/02\/DSCF2106-Kopie-1510x1133.jpg\" class=\"attachment-large size-large\" alt=\"\" loading=\"lazy\" srcset=\"https:\/\/ncdesignimpuls.ch\/wp-content\/uploads\/2015\/02\/DSCF2106-Kopie-1510x1133.jpg 1510w, https:\/\/ncdesignimpuls.ch\/wp-content\/uploads\/2015\/02\/DSCF2106-Kopie-300x225.jpg 300w, https:\/\/ncdesignimpuls.ch\/wp-content\/uploads\/2015\/02\/DSCF2106-Kopie-e1498510964749.jpg 1500w\" sizes=\"(max-width: 800px) 100vw, 800px\" \/>\t\t\t\t\t\t\t\t\t\t\t\t\t\t<\/div>\n\t\t\t\t\t\t<\/div>\n\t\t\t\t<\/div>\n\t\t\t\t\t\t<\/div>\n\t\t\t\t\t<\/div>\n\t\t<\/div>\n\t\t\t\t<div class=\"elementor-column elementor-col-50 elementor-top-column elementor-element elementor-element-8b63b5e\" data-id=\"8b63b5e\" data-element_type=\"column\">\n\t\t\t<div class=\"elementor-column-wrap elementor-element-populated\">\n\t\t\t\t\t\t\t<div class=\"elementor-widget-wrap\">\n\t\t\t\t\t\t<div class=\"elementor-element elementor-element-9c812d7 elementor-widget elementor-widget-heading\" data-id=\"9c812d7\" data-element_type=\"widget\" data-widget_type=\"heading.default\">\n\t\t\t\t<div class=\"elementor-widget-container\">\n\t\t\t<h2 class=\"elementor-heading-title elementor-size-default\">Idea &amp; Mood &amp; Inspiration<\/h2>\t\t<\/div>\n\t\t\t\t<\/div>\n\t\t\t\t<div class=\"elementor-element elementor-element-95690cd elementor-widget-divider--view-line elementor-widget elementor-widget-divider\" data-id=\"95690cd\" data-element_type=\"widget\" data-widget_type=\"divider.default\">\n\t\t\t\t<div class=\"elementor-widget-container\">\n\t\t\t\t\t<div class=\"elementor-divider\">\n\t\t\t<span class=\"elementor-divider-separator\">\n\t\t\t\t\t\t<\/span>\n\t\t<\/div>\n\t\t\t\t<\/div>\n\t\t\t\t<\/div>\n\t\t\t\t<div class=\"elementor-element elementor-element-dfb3037 elementor-widget elementor-widget-text-editor\" data-id=\"dfb3037\" data-element_type=\"widget\" data-widget_type=\"text-editor.default\">\n\t\t\t\t<div class=\"elementor-widget-container\">\n\t\t\t\t\t\t\t\t<div class=\"elementor-text-editor elementor-clearfix\">\n\t\t\t\t<p>Based on the needs and the analysis of the object, an initial creative paper is developed. The first presentation serves to refine, evaluate, and differentiate the concept. This initial phase provides both, the client and the interior designer, with clarity and confidence for the next stages of the project.<\/p>\t\t\t\t\t<\/div>\n\t\t\t\t\t\t<\/div>\n\t\t\t\t<\/div>\n\t\t\t\t\t\t<\/div>\n\t\t\t\t\t<\/div>\n\t\t<\/div>\n\t\t\t\t\t\t\t\t<\/div>\n\t\t\t\t\t<\/div>\n\t\t<\/section>\n\t\t\t\t<section class=\"elementor-section elementor-top-section elementor-element elementor-element-6d01f0b elementor-section-boxed elementor-section-height-default elementor-section-height-default\" data-id=\"6d01f0b\" data-element_type=\"section\">\n\t\t\t\t\t\t<div class=\"elementor-container elementor-column-gap-default\">\n\t\t\t\t\t\t\t<div class=\"elementor-row\">\n\t\t\t\t\t<div class=\"elementor-column elementor-col-50 elementor-top-column elementor-element elementor-element-31b2e18\" data-id=\"31b2e18\" data-element_type=\"column\">\n\t\t\t<div class=\"elementor-column-wrap elementor-element-populated\">\n\t\t\t\t\t\t\t<div class=\"elementor-widget-wrap\">\n\t\t\t\t\t\t<div class=\"elementor-element elementor-element-953ae51 elementor-widget elementor-widget-heading\" data-id=\"953ae51\" data-element_type=\"widget\" data-widget_type=\"heading.default\">\n\t\t\t\t<div class=\"elementor-widget-container\">\n\t\t\t<h2 class=\"elementor-heading-title elementor-size-default\">Concept &amp; Costs<\/h2>\t\t<\/div>\n\t\t\t\t<\/div>\n\t\t\t\t<div class=\"elementor-element elementor-element-1db3cb2 elementor-widget-divider--view-line elementor-widget elementor-widget-divider\" data-id=\"1db3cb2\" data-element_type=\"widget\" data-widget_type=\"divider.default\">\n\t\t\t\t<div class=\"elementor-widget-container\">\n\t\t\t\t\t<div class=\"elementor-divider\">\n\t\t\t<span class=\"elementor-divider-separator\">\n\t\t\t\t\t\t<\/span>\n\t\t<\/div>\n\t\t\t\t<\/div>\n\t\t\t\t<\/div>\n\t\t\t\t<div class=\"elementor-element elementor-element-148d7b5 elementor-widget elementor-widget-text-editor\" data-id=\"148d7b5\" data-element_type=\"widget\" data-widget_type=\"text-editor.default\">\n\t\t\t\t<div class=\"elementor-widget-container\">\n\t\t\t\t\t\t\t\t<div class=\"elementor-text-editor elementor-clearfix\">\n\t\t\t\t<p>The most important parameters - specifications, costs, deadlines \u2014are defined. The precise elaboration of the<br \/>concept presentation and includes aspects such as function, form, color, material, lighting, and furniture, as well as<br \/>as well as a rough cost estimate.<\/p><p>This project phase is billed based on the service package, effort, and project size.<\/p>\t\t\t\t\t<\/div>\n\t\t\t\t\t\t<\/div>\n\t\t\t\t<\/div>\n\t\t\t\t\t\t<\/div>\n\t\t\t\t\t<\/div>\n\t\t<\/div>\n\t\t\t\t<div class=\"elementor-column elementor-col-50 elementor-top-column elementor-element elementor-element-0f39c93\" data-id=\"0f39c93\" data-element_type=\"column\">\n\t\t\t<div class=\"elementor-column-wrap elementor-element-populated\">\n\t\t\t\t\t\t\t<div class=\"elementor-widget-wrap\">\n\t\t\t\t\t\t<div class=\"elementor-element elementor-element-e5f77d2 elementor-widget elementor-widget-image\" data-id=\"e5f77d2\" data-element_type=\"widget\" data-widget_type=\"image.default\">\n\t\t\t\t<div class=\"elementor-widget-container\">\n\t\t\t\t\t\t\t\t<div class=\"elementor-image\">\n\t\t\t\t\t\t\t\t\t\t\t\t<img width=\"450\" height=\"450\" src=\"https:\/\/ncdesignimpuls.ch\/wp-content\/uploads\/2017\/06\/WohnenMorcote4.jpg\" class=\"attachment-full size-full\" alt=\"\" loading=\"lazy\" srcset=\"https:\/\/ncdesignimpuls.ch\/wp-content\/uploads\/2017\/06\/WohnenMorcote4.jpg 450w, https:\/\/ncdesignimpuls.ch\/wp-content\/uploads\/2017\/06\/WohnenMorcote4-150x150.jpg 150w, https:\/\/ncdesignimpuls.ch\/wp-content\/uploads\/2017\/06\/WohnenMorcote4-300x300.jpg 300w, https:\/\/ncdesignimpuls.ch\/wp-content\/uploads\/2017\/06\/WohnenMorcote4-66x66.jpg 66w\" sizes=\"(max-width: 450px) 100vw, 450px\" \/>\t\t\t\t\t\t\t\t\t\t\t\t\t\t<\/div>\n\t\t\t\t\t\t<\/div>\n\t\t\t\t<\/div>\n\t\t\t\t\t\t<\/div>\n\t\t\t\t\t<\/div>\n\t\t<\/div>\n\t\t\t\t\t\t\t\t<\/div>\n\t\t\t\t\t<\/div>\n\t\t<\/section>\n\t\t\t\t<section class=\"elementor-section elementor-top-section elementor-element elementor-element-e950efe elementor-section-boxed elementor-section-height-default elementor-section-height-default\" data-id=\"e950efe\" data-element_type=\"section\">\n\t\t\t\t\t\t<div class=\"elementor-container elementor-column-gap-default\">\n\t\t\t\t\t\t\t<div class=\"elementor-row\">\n\t\t\t\t\t<div class=\"elementor-column elementor-col-50 elementor-top-column elementor-element elementor-element-d62c2c1\" data-id=\"d62c2c1\" data-element_type=\"column\">\n\t\t\t<div class=\"elementor-column-wrap elementor-element-populated\">\n\t\t\t\t\t\t\t<div class=\"elementor-widget-wrap\">\n\t\t\t\t\t\t<div class=\"elementor-element elementor-element-a113c51 elementor-widget elementor-widget-image\" data-id=\"a113c51\" data-element_type=\"widget\" data-widget_type=\"image.default\">\n\t\t\t\t<div class=\"elementor-widget-container\">\n\t\t\t\t\t\t\t\t<div class=\"elementor-image\">\n\t\t\t\t\t\t\t\t\t\t\t\t<img width=\"768\" height=\"528\" src=\"https:\/\/ncdesignimpuls.ch\/wp-content\/uploads\/2022\/02\/DSC0068-1600x11004-1-768x528.jpeg\" class=\"attachment-medium_large size-medium_large\" alt=\"home\" loading=\"lazy\" srcset=\"https:\/\/ncdesignimpuls.ch\/wp-content\/uploads\/2022\/02\/DSC0068-1600x11004-1-768x528.jpeg 768w, https:\/\/ncdesignimpuls.ch\/wp-content\/uploads\/2022\/02\/DSC0068-1600x11004-1-450x309.jpeg 450w, https:\/\/ncdesignimpuls.ch\/wp-content\/uploads\/2022\/02\/DSC0068-1600x11004-1-18x12.jpeg 18w, https:\/\/ncdesignimpuls.ch\/wp-content\/uploads\/2022\/02\/DSC0068-1600x11004-1.jpeg 1280w\" sizes=\"(max-width: 768px) 100vw, 768px\" \/>\t\t\t\t\t\t\t\t\t\t\t\t\t\t<\/div>\n\t\t\t\t\t\t<\/div>\n\t\t\t\t<\/div>\n\t\t\t\t\t\t<\/div>\n\t\t\t\t\t<\/div>\n\t\t<\/div>\n\t\t\t\t<div class=\"elementor-column elementor-col-50 elementor-top-column elementor-element elementor-element-42da89e\" data-id=\"42da89e\" data-element_type=\"column\">\n\t\t\t<div class=\"elementor-column-wrap elementor-element-populated\">\n\t\t\t\t\t\t\t<div class=\"elementor-widget-wrap\">\n\t\t\t\t\t\t<div class=\"elementor-element elementor-element-0f2c153 elementor-widget elementor-widget-heading\" data-id=\"0f2c153\" data-element_type=\"widget\" data-widget_type=\"heading.default\">\n\t\t\t\t<div class=\"elementor-widget-container\">\n\t\t\t<h2 class=\"elementor-heading-title elementor-size-default\">Detailed Planning &amp; Execution<\/h2>\t\t<\/div>\n\t\t\t\t<\/div>\n\t\t\t\t<div class=\"elementor-element elementor-element-f5cdd56 elementor-widget-divider--view-line elementor-widget elementor-widget-divider\" data-id=\"f5cdd56\" data-element_type=\"widget\" data-widget_type=\"divider.default\">\n\t\t\t\t<div class=\"elementor-widget-container\">\n\t\t\t\t\t<div class=\"elementor-divider\">\n\t\t\t<span class=\"elementor-divider-separator\">\n\t\t\t\t\t\t<\/span>\n\t\t<\/div>\n\t\t\t\t<\/div>\n\t\t\t\t<\/div>\n\t\t\t\t<div class=\"elementor-element elementor-element-79fd689 elementor-widget elementor-widget-text-editor\" data-id=\"79fd689\" data-element_type=\"widget\" data-widget_type=\"text-editor.default\">\n\t\t\t\t<div class=\"elementor-widget-container\">\n\t\t\t\t\t\t\t\t<div class=\"elementor-text-editor elementor-clearfix\">\n\t\t\t\t<p>After the concept phase, the project moves into the detailing stage. Skilled trade partners are consulted, offers are reviewed, and the implementation process is defined. A comprehensive cost overview is prepared and discussed with the client.<br \/>Once approval is granted, detailed execution plans for the respective trades are created, and a binding schedule is established. Work on-site begins, personally supervised and monitored by me to ensure the highest quality down to the smallest details.<\/p><p>Upon project completion and handover to the client, final invoicing is carried out with both the craftsmen and the project owner.<br \/>This project phase is billed based on the service package, effort, and project size.<\/p>\t\t\t\t\t<\/div>\n\t\t\t\t\t\t<\/div>\n\t\t\t\t<\/div>\n\t\t\t\t\t\t<\/div>\n\t\t\t\t\t<\/div>\n\t\t<\/div>\n\t\t\t\t\t\t\t\t<\/div>\n\t\t\t\t\t<\/div>\n\t\t<\/section>\n\t\t\t\t\t\t<\/div>\n\t\t\t\t\t\t<\/div>\n\t\t\t\t\t<\/div>","protected":false},"excerpt":{"rendered":"<p>Erste Kontakt Ihre Tr\u00e4ume und Ideen sind spannend! Der erste Kontakt ist eine Vorstellung. Nach Anh\u00f6rung Ihrer Vorstellungen und W\u00fcnsche ermittle ich die Struktur einer m\u00f6glichen Zusammenarbeit und beschreibe die wesentlichen Arbeitsschritte zur Umsetzung Ihrer Vorstellungen. Der erste Kontakt ist kostenlos Beratung Idee &#038; Mood &#038; Inspiration Ausgehend aus Bed\u00fcrfnisse und der Objektanalyse entsteht ein [&hellip;]<\/p>","protected":false},"author":3,"featured_media":0,"parent":0,"menu_order":0,"comment_status":"closed","ping_status":"closed","template":"elementor_header_footer","meta":[],"_links":{"self":[{"href":"https:\/\/ncdesignimpuls.ch\/en\/wp-json\/wp\/v2\/pages\/11"}],"collection":[{"href":"https:\/\/ncdesignimpuls.ch\/en\/wp-json\/wp\/v2\/pages"}],"about":[{"href":"https:\/\/ncdesignimpuls.ch\/en\/wp-json\/wp\/v2\/types\/page"}],"author":[{"embeddable":true,"href":"https:\/\/ncdesignimpuls.ch\/en\/wp-json\/wp\/v2\/users\/3"}],"replies":[{"embeddable":true,"href":"https:\/\/ncdesignimpuls.ch\/en\/wp-json\/wp\/v2\/comments?post=11"}],"version-history":[{"count":92,"href":"https:\/\/ncdesignimpuls.ch\/en\/wp-json\/wp\/v2\/pages\/11\/revisions"}],"predecessor-version":[{"id":2873,"href":"https:\/\/ncdesignimpuls.ch\/en\/wp-json\/wp\/v2\/pages\/11\/revisions\/2873"}],"wp:attachment":[{"href":"https:\/\/ncdesignimpuls.ch\/en\/wp-json\/wp\/v2\/media?parent=11"}],"curies":[{"name":"wp","href":"https:\/\/api.w.org\/{rel}","templated":true}]}}